{"id":28,"date":"2023-01-10T15:35:08","date_gmt":"2023-01-10T15:35:08","guid":{"rendered":"https:\/\/carpinterialafabrica.com\/?page_id=28"},"modified":"2023-01-11T10:40:49","modified_gmt":"2023-01-11T10:40:49","slug":"condiciones-generales","status":"publish","type":"page","link":"https:\/\/carpinterialafabrica.com\/?page_id=28","title":{"rendered":"Condiciones generales"},"content":{"rendered":"<h3>ACEPTACI\u00d3N DE LAS CONDICIONES PARTICULARES DE COMPRA<\/h3>\n<p>Bienvenido a nuestro sitio Web.<\/p>\n<p>A trav\u00e9s de nuestra p\u00e1gina web podr\u00e1 adquirir los productos y servicios de Carpinter\u00eda La F\u00e1brica en\u00a0este sitio Web realiz\u00e1ndose su entrega a trav\u00e9s de recogida y asistencia a nuestro local. \u00danicamente podr\u00e1s adquirir nuestros productos si eres mayor de 18 a\u00f1os.<\/p>\n<p>La cumplimentaci\u00f3n del formulario de compra habilitado en nuestro sitio Web implica que t\u00fa, como Cliente de Carpinter\u00eda La F\u00e1brica, consientes y autorizas expresamente, de manera libre y voluntaria, tu sometimiento a nuestro Aviso Legal, Pol\u00edtica de Privacidad y de Cookies, Condiciones Generales de Utilizaci\u00f3n de nuestra Web, as\u00ed como a las presentes Condiciones Particulares de Venta, que estar\u00e1n disponibles en todo momento y cada vez que formalices tu pedido con nosotros.<\/p>\n<h3>DEFINICIONES<\/h3>\n<p>De acuerdo con las presentes Condiciones Particulares de Venta de la p\u00e1gina web\u00a0<a href=\"https:\/\/carpinterialafabrica.com\/\"><em>https:\/\/carpinterialafabrica.com\/<\/em><\/a> y junto a otras definiciones contempladas, los siguientes t\u00e9rminos tienen el significado indicado a continuaci\u00f3n.<\/p>\n<ul>\n<li>\u00abCondiciones de Compra\u00bb: son todas las condiciones de compra en funci\u00f3n de las que se ofertan los Productos, que constituyen el contrato a suscribir entre el Vendedor y el Usuario.<\/li>\n<li>\u00abVendedor\u00bb: El proveedor de los productos puestos a la venta a trav\u00e9s de este sitio Web y, en particular,<\/li>\n<\/ul>\n<p>Carpinter\u00eda La F\u00e1brica<\/p>\n<p>C amino Real (Barranco Las Lajas), Tacoronte, 38350, Spain<\/p>\n<p>EMAIL:\u00a0<em><u>info<\/u>@carpinterialafabrica.com<\/em><\/p>\n<ul>\n<li>\u00abCliente o Usuario\u00bb: es el comprador del Producto, y como tal se entiende la persona f\u00edsica o jur\u00eddica que realiza la compra.<\/li>\n<li>\u00abProducto\u00bb: relaci\u00f3n de productos y servicios comercializados por el Vendedor en el presente sitio Web, los cuales figuran descritos en cada ficha de producto, ubicadas en las secciones.<\/li>\n<li>\u00abP\u00e1gina web\u00bb: el conjunto de p\u00e1ginas que se pueden consultar en la red a trav\u00e9s de la URL sita en\u00a0<a href=\"https:\/\/carpinterialafabrica.com\/\"><em>https:\/\/carpinterialafabrica.com\/<\/em><\/a><\/li>\n<\/ul>\n<h3>INFORMACI\u00d3N SOBRE EL PRODUCTO.<\/h3>\n<p>Los productos de Carpinter\u00eda La F\u00e1brica, a la venta en esta Web son productos espec\u00edficos para mejorar la vida de las personas en el \u00e1mbito de la est\u00e9tica y el bienestar y cuya comercializaci\u00f3n est\u00e1 sometida a la legislaci\u00f3n sectorial de \u00e1mbito estatal que resulta de aplicaci\u00f3n, as\u00ed como a las presentes Condiciones Particulares de Compra.<\/p>\n<p>Carpinter\u00eda La F\u00e1brica emplea sus mejores esfuerzos para ofrecerte la informaci\u00f3n sobre la forma de adquirir nuestros productos y sus precios de forma exacta, veraz y actualizada, sin errores tipogr\u00e1ficos. No obstante lo anterior, no podemos descartar la existencia de errores de estas caracter\u00edsticas, totalmente ajenos a nuestra voluntad, por lo que nos comprometemos a, en caso de detectarlos, proceder inmediatamente a su correcci\u00f3n.<\/p>\n<p>En el eventual e hipot\u00e9tico caso de que un error tipogr\u00e1fico afectara al precio, descripci\u00f3n, procedimiento de adquisici\u00f3n y\/o disponibilidad del producto, y si, como cliente, hubieras realizado un pedido en funci\u00f3n de un error de este tipo, Carpinter\u00eda La F\u00e1brica proceder\u00e1 de inmediato a su comunicaci\u00f3n y tendr\u00e1s derecho a rescindir tu compra, sin coste alguno por tu parte.<\/p>\n<p>Carpinter\u00eda La F\u00e1brica se reserva el derecho a modificar en cualquier momento la relaci\u00f3n de productos, precios y\/o servicios contenidos en el presente sitio Web, as\u00ed como sus condiciones de adquisici\u00f3n y entrega, bajo su exclusiva responsabilidad. No obstante lo anterior, tales modificaciones no afectar\u00e1n a los pedidos que ya se encuentren en curso. Asimismo, Carpinter\u00eda La F\u00e1brica se reserva la facultad de realizar cualquier modificaci\u00f3n que resulte \u00fatil o devenga necesaria en el dise\u00f1o de sus productos \/ servicios, mensajes publicitarios o informativos, instrucciones y descripciones que figuren en relaci\u00f3n a los mismos, cumpliendo en todo momento con la legislaci\u00f3n vigente que resulte de aplicaci\u00f3n.<\/p>\n<h3>PRECIOS<\/h3>\n<p>Los precios de los Productos ofertados en el sitio Web ser\u00e1n los que figuren en el mismo en el momento de que curses tu pedido(s), estar\u00e1n expresados en euros y ser\u00e1n totales; es decir, con IGIC, as\u00ed como cualquier otro impuesto, tasa o gravamen de car\u00e1cter estatal y auton\u00f3mico que pudiera resultar de aplicaci\u00f3n.<\/p>\n<p>Carpinter\u00eda La F\u00e1brica se reserva la facultad de modificar sus precios en cualquier momento, por lo que deber\u00e1s verificar los mismos con car\u00e1cter previo a la formulaci\u00f3n de cada pedido que nos solicites.<\/p>\n<p>Solo realizaremos entrega de nuestros productos de forma local, por lo que deber\u00e1s acudir personalmente a nuestro local para recibirlos y para lo que te daremos total prioridad. En el caso de los servicios a disponer en nuestro local, deber\u00e1s llamar con tu n\u00famero de pedido ya realizado para concertar una cita. Una vez concertemos dicha cita, podr\u00e1s acudir con el documento impreso de tu pedido y disfrutarlo sin tener que abonar nada.<\/p>\n<p>El pago del Producto se podr\u00e1 realizar a trav\u00e9s de tarjeta de cr\u00e9dito o d\u00e9bito y paypal.<\/p>\n<h3>FORMALIZACI\u00d3N DE PEDIDOS.<\/h3>\n<p>Podr\u00e1s formalizar tu pedido a trav\u00e9s de nuestra Web.<\/p>\n<p>Para formalizar tu pedido, deber\u00e1s seguir las instrucciones de compra que te proporcionaremos a lo largo de todo el proceso de contrataci\u00f3n.<\/p>\n<p>La compra del producto se formalizar\u00e1 a partir de la selecci\u00f3n y adquisici\u00f3n del(los) producto(s) en el sitio Web. Antes de que finalice tu pedido, Carpinter\u00eda La F\u00e1brica te solicitar\u00e1 que lo valides, con el objeto de evitar cualquier error involuntario. A tal efecto, se validar\u00e1n los productos incluidos en tu carrito de la compra, tus datos personales y de facturaci\u00f3n, as\u00ed como la adquisici\u00f3n de tales que productos conlleva una obligaci\u00f3n de pago por tu parte. En ning\u00fan caso aceptamos pago contrareembolso o secundario en nuestro local por una compra online.<\/p>\n<p>Carpinter\u00eda La F\u00e1brica te llamar\u00e1 con la mayor brevedad si no te pones tu mismo\/a en contacto con nosotros, pasados unos d\u00edas. En cualquier caso, recibir\u00e1s al efecto un correo electr\u00f3nico en \u00e9l figurar\u00e1 un resumen de las caracter\u00edsticas esenciales del producto, datos de contacto de Carpinter\u00eda La F\u00e1brica, as\u00ed como una copia de estas Condiciones Particulares de Venta, y especificar\u00e1 el precio, forma de pago y condiciones de entrega del producto, y c\u00f3mo ejercitar, en su caso, tu derecho de desistimiento. Deber\u00e1s comprobar el contenido de esta comunicaci\u00f3n e informar a Carpinter\u00eda La F\u00e1brica si detectas alg\u00fan error u omisi\u00f3n en la misma, con el objeto de que podamos subsanarlo a la mayor brevedad. En cualquier caso, te recomendamos que conserves dicha comunicaci\u00f3n.<\/p>\n<p>Asimismo, Carpinter\u00eda La F\u00e1brica se reserva el derecho de no aceptar un pago mediante cualquier medio de pago disponible, pudiendo anular tu pedido si tuviese la sospecha de que el comprador (i) no es el titular de la tarjeta de cr\u00e9dito facilitada o (ii) si, habiendo puesto dicha circunstancia en su conocimiento, no quisieras acceder a utilizar otra modalidad de pago.<\/p>\n<p>Mediante la remisi\u00f3n de tu Pedido a Carpinter\u00eda La F\u00e1brica, est\u00e1s formalizando tu compra y aceptando las presentes Condiciones Particulares de Compra, a las que quedar\u00e1s sometido, dando lugar a la perfecci\u00f3n del contrato de compraventa.<\/p>\n<h3>PLAZOS Y FORMA DE ENTREGA DE PRODUCTOS.<\/h3>\n<p>Una vez que recibas la comunicaci\u00f3n de Carpinter\u00eda La F\u00e1brica confirmando la recepci\u00f3n de tu pedido, trabajaremos incansablemente para que puedas venir a recogerlo o puedas disponer de tu cita lo antes posible. En el caso de los servicios a recibir en nuestro establecimiento, tienes un <strong>plazo de un mes y medio<\/strong> para utilizar tu comprobante impreso. En caso de no hacer uso de tu servicio pasado dicho plazo, tu comprobante caducar\u00e1, por lo que ya no ser\u00e1 posible de canjear tu pedido online por el servicio solicitado.<\/p>\n<p>Los plazos indicados (si fuera el caso) son estimativos, no pudiendo garantizar Carpinter\u00eda La F\u00e1brica el cumplimiento exacto de los mismos. No obstante lo anterior, Carpinter\u00eda La F\u00e1brica emplear\u00e1 sus mejores esfuerzos para cumplir el\/los plazo(s) indicados, haciendo todo lo posible para realizar las entregas, en su caso, de forma puntual. En caso de que tuvi\u00e9semos conocimiento de que, por cualquier circunstancia, no pudi\u00e9ramos cumplir con el plazo establecido, te comunicar\u00edamos dicha circunstancia a la mayor brevedad v\u00eda\u00a0<em>email<\/em>\u00a0o <em>tel\u00e9fono<\/em> y podr\u00e1s, en tal caso, desistir de tu pedido.<\/p>\n<p>Asimismo, en el caso de que no podamos cumplir con tu solicitud en el\/los plazo(s) indicado(s), o tengas cualquier queja o reclamaci\u00f3n sobre la misma, rogamos que te pongas inmediatamente en contacto con nosotros para que gestionaremos tu incidencia en el plazo m\u00e1s breve posible, y en todo caso, antes de 15 d\u00edas<em>.<\/em><\/p>\n<h3>GARANT\u00cdAS.<\/h3>\n<p>Los productos comercializados a trav\u00e9s de este sitio Web son conformes con las especificaciones que figuran descritas en este sitio Web. Carpinter\u00eda La F\u00e1brica garantiza la autenticidad de los productos puestos a la venta a trav\u00e9s de este sitio, y que tales productos son fabricados y acondicionados de conformidad con la normativa aplicable. En caso de que recibas un producto da\u00f1ado o defectuoso, Carpinter\u00eda La F\u00e1brica te cambiar\u00e1 o reembolsar\u00e1 el precio del producto reconocido como defectuoso en el mismo momento de la entrega, tras su examen por el personal de \u00e9sta, sin cargo adicional para ti.<\/p>\n<h3>DERECHO DE DESISTIMIENTO.<\/h3>\n<p>Ud. podr\u00e1 devolver cualquier Producto adquirido en nuestro Sitio Web dentro del plazo de catorce d\u00edas naturales desde la efectiva recepci\u00f3n de su Pedido, siempre y cuando \u00e9ste no haya sido abierto ni manipulado. Deber\u00e1 indicarlo en el plazo indicado escribi\u00e9ndonos al correo electr\u00f3nico info@carpinterialafabrica.com indicando el n\u00famero de pedido asi como los productos a devolver y su n\u00famero de tel\u00e9fono para ponernos en contacto con mayor brevedad, siempre en un plazo m\u00e1ximo de 15 d\u00edas.<\/p>\n<p>En este caso, Carpinter\u00eda La F\u00e1brica le devolver\u00e1 el importe \u00edntegro de la compra, en un plazo no superior a 14 d\u00edas naturales, contados desde la fecha en que nos comunique su decisi\u00f3n de desistir. No obstante lo anterior, la devoluci\u00f3n del producto siempre se har\u00e1 presencialmente en nuestro local.<\/p>\n<p>En el supuesto que el desistimiento o revocaci\u00f3n fuese previo a la recepci\u00f3n del Producto, Ud. deber\u00e1 ponerse en contacto directamente con Carpinter\u00eda La F\u00e1brica a nuestro n\u00famero de para poder ejercitar su derecho a desistir o resolver la operaci\u00f3n, la cual se realizar\u00e1 sin cargo alguno.<\/p>\n<p>Los servicios a recibir en el local podr\u00e1n cancelarse como m\u00e1ximo 5 d\u00edas desde la fecha de lo solicitud, con la devoluci\u00f3n del importe. No estar\u00e1n amparados por la pol\u00edtica de desestimiento de los productos cosm\u00e9ticos.<\/p>\n<h3>POL\u00cdTICA DE CANCELACIONES.<\/h3>\n<p>Podr\u00e1s cancelar cualquier solicitud de pedido antes de que Carpinter\u00eda La F\u00e1brica le confirme definitivamente tu pedido. Si el pedido ya hubiera sido confirmado, deber\u00e1s atenerte a lo dispuesto en la cl\u00e1usula IX de las presentes Condiciones Particulares de Compra y a las condiciones de entrega y aceptaci\u00f3n de pedidos.<\/p>\n<p>Si la devoluci\u00f3n del producto trae su causa en alg\u00fan defecto, error o deterioro detectado en el mismo, podr\u00e1s exigir a Carpinter\u00eda La F\u00e1brica la devoluci\u00f3n \u00edntegra del precio del producto o la sustituci\u00f3n de \u00e9ste por otro de id\u00e9nticas caracter\u00edsticas.<\/p>\n<p>Podr\u00e1s acceder y consultar tu factura directamente en este sitio Web. Las facturas relativas a tus pedidos estar\u00e1n disponibles online durante un per\u00edodo de\u00a0<em>5 d\u00edas<\/em>\u00a0desde la fecha de solicitud del pedido.<\/p>\n<p>En caso de detectar cualquier error tipogr\u00e1fico en las mismas, rogamos que te pongas inmediatamente en contacto con nosotros.<\/p>\n<h3>RESPONSABILIDAD<\/h3>\n<p>Carpinter\u00eda La F\u00e1brica no garantiza la disponibilidad, la continuidad ni la infalibilidad del funcionamiento del Sitio Web durante el proceso de compra y, en consecuencia, excluye en la m\u00e1xima medida permitida por la legislaci\u00f3n vigente, cualquier responsabilidad por los da\u00f1os y perjuicios de toda naturaleza que pudieran deberse a la falta de disponibilidad o de continuidad del funcionamiento del mismo.<\/p>\n<p>Si por error recibieras un producto distinto al solicitado por causa imputable a Carpinter\u00eda La F\u00e1brica, \u00e9ste ser\u00e1 retirado por Carpinter\u00eda La F\u00e1brica a la mayor brevedad, haci\u00e9ndote entrega del producto correcto, sin ning\u00fan cargo adicional para ti.<\/p>\n<h3>MODALIDADES Y CONDICIONES DE PAGO.<\/h3>\n<p>El pago de los productos se llevar\u00e1 a cabo seg\u00fan las instrucciones proporcionadas en el propio proceso de compra.<\/p>\n<p>Carpinter\u00eda La F\u00e1brica te enviar\u00e1 una factura por el importe del (los) producto(s) adquiridos, a la direcci\u00f3n de correo electr\u00f3nico facilitada por ti en el proceso de compra, lo cual consientes expresamente. Asimismo, podr\u00e1s consultar c\u00f3modamente la totalidad de facturas expedidas a trav\u00e9s de tu cuenta de usuario.<\/p>\n<p>Por razones de seguridad, en el caso de pago con tarjeta de cr\u00e9dito, Carpinter\u00eda La F\u00e1brica podr\u00e1 solicitarte que remitas copia de tu D.N.I. o pasaporte o de cualquier otro documento que acredite tu identidad.<\/p>\n<p>Asimismo, Carpinter\u00eda La F\u00e1brica se reserva el derecho de no aceptar un pago con tarjeta de cr\u00e9dito, pudiendo anular la Solicitud de pedido, si tuviese la seguridad de que el comprador no es el titular de la tarjeta de cr\u00e9dito facilitada o si, despu\u00e9s de haber puesto dicha circunstancia en tu conocimiento, no quisieras acceder a utilizar otra modalidad de pago.<\/p>\n<h3>TRATAMIENTO DE DATOS DE CAR\u00c1CTER PERSONAL<\/h3>\n<p>Para poder realizar pedidos a trav\u00e9s de nuestro sitio Web, se requiere que nos proporciones una serie de datos adicionales, que pudieran contener datos de car\u00e1cter personal de tipo b\u00e1sico. En ese caso, Carpinter\u00eda La F\u00e1brica garantiza la protecci\u00f3n y confidencialidad de los datos personales, domiciliarios, de pago as\u00ed como de cualquier otro tipo que hayan sido proporcionados por ti en nuestro sitio Web, a consecuencia de la formalizaci\u00f3n de tu pedido, estando en todo caso sujetos a la pol\u00edtica en materia de\u00a0Protecci\u00f3n de Datos de Car\u00e1cter Personal que figura en las Condiciones Generales de Uso del presente sitio Web, aqu\u00ed disponibles, y que deber\u00e1s consultar y aceptar antes de formular tu pedido.<\/p>\n<h3>LEGISLACI\u00d3N Y JURISDICCI\u00d3N<\/h3>\n<p>Las presentes Condiciones de Compra se risen por la ley espa\u00f1ola, sin perjuicio de cualquier otra ley que al consumidor pudiera serle legalmente aplicable, de conformidad con la Ley General para la defensa de los Consumidores y Usuarios.<\/p>\n<p>Para cualquier controversia que pudiera derivarse de la interpretaci\u00f3n o aplicaci\u00f3n de las presentes Condiciones de Compra, las partes se someten a la jurisdicci\u00f3n de los Juzgados y Tribunales de la ciudad de Tarragona, salvo que se trate de consumidores, en cuyo caso las partes se someter\u00e1n a la jurisdicci\u00f3n de los Juzgados y Tribunales que correspondan seg\u00fan la Ley General para la Defensa de los Consumidores y Usuarios.<\/p>\n<h3>RESOLUCI\u00d3N DE PROBLEMAS<\/h3>\n<p>Si ha tenido un problema con una compra online, puede enviar un email a info@carpinterialafabrica.com o utilizar la\u00a0<a href=\"https:\/\/webgate.ec.europa.eu\/odr\/main\/index.cfm?event=main.home.show&amp;lng=ES\">plataforma de resoluci\u00f3n de litigios en l\u00ednea<\/a>\u00a0desarrollada por la Comisi\u00f3n Europea para tratar de llegar a una soluci\u00f3n extrajudicial, siempre que resida en la UE y la empresa vendedora est\u00e9 establecida en la UE.<\/p>\n","protected":false},"excerpt":{"rendered":"<p>ACEPTACI\u00d3N DE LAS CONDICIONES PARTICULARES DE COMPRA Bienvenido a nuestro sitio Web. A trav\u00e9s de nuestra p\u00e1gina web podr\u00e1 adquirir los productos y servicios de Carpinter\u00eda La F\u00e1brica en\u00a0este sitio Web realiz\u00e1ndose su entrega a trav\u00e9s de recogida y asistencia a nuestro local. \u00danicamente podr\u00e1s adquirir nuestros productos si eres mayor de 18 a\u00f1os. La [&hellip;]<\/p>\n","protected":false},"author":5,"featured_media":0,"parent":0,"menu_order":0,"comment_status":"closed","ping_status":"closed","template":"","meta":{"footnotes":""},"class_list":["post-28","page","type-page","status-publish","hentry"],"yoast_head":"<!-- This site is optimized with the Yoast SEO plugin v26.9 - https:\/\/yoast.com\/product\/yoast-seo-wordpress\/ -->\n<title>Condiciones generales - Carpinteria La Fabrica<\/title>\n<meta name=\"robots\" content=\"index, follow, max-snippet:-1, max-image-preview:large, max-video-preview:-1\" \/>\n<link rel=\"canonical\" href=\"https:\/\/carpinterialafabrica.com\/?page_id=28\" \/>\n<meta property=\"og:locale\" content=\"es_ES\" \/>\n<meta property=\"og:type\" content=\"article\" \/>\n<meta property=\"og:title\" content=\"Condiciones generales - Carpinteria La Fabrica\" \/>\n<meta property=\"og:description\" content=\"ACEPTACI\u00d3N DE LAS CONDICIONES PARTICULARES DE COMPRA Bienvenido a nuestro sitio Web. A trav\u00e9s de nuestra p\u00e1gina web podr\u00e1 adquirir los productos y servicios de Carpinter\u00eda La F\u00e1brica en\u00a0este sitio Web realiz\u00e1ndose su entrega a trav\u00e9s de recogida y asistencia a nuestro local. \u00danicamente podr\u00e1s adquirir nuestros productos si eres mayor de 18 a\u00f1os. La [&hellip;]\" \/>\n<meta property=\"og:url\" content=\"https:\/\/carpinterialafabrica.com\/?page_id=28\" \/>\n<meta property=\"og:site_name\" content=\"Carpinteria La Fabrica\" \/>\n<meta property=\"article:modified_time\" content=\"2023-01-11T10:40:49+00:00\" \/>\n<meta name=\"twitter:card\" content=\"summary_large_image\" \/>\n<meta name=\"twitter:label1\" content=\"Tiempo de lectura\" \/>\n\t<meta name=\"twitter:data1\" content=\"13 minutos\" \/>\n<script type=\"application\/ld+json\" class=\"yoast-schema-graph\">{\"@context\":\"https:\/\/schema.org\",\"@graph\":[{\"@type\":\"WebPage\",\"@id\":\"https:\/\/carpinterialafabrica.com\/?page_id=28\",\"url\":\"https:\/\/carpinterialafabrica.com\/?page_id=28\",\"name\":\"Condiciones generales - Carpinteria La Fabrica\",\"isPartOf\":{\"@id\":\"https:\/\/carpinterialafabrica.com\/#website\"},\"datePublished\":\"2023-01-10T15:35:08+00:00\",\"dateModified\":\"2023-01-11T10:40:49+00:00\",\"breadcrumb\":{\"@id\":\"https:\/\/carpinterialafabrica.com\/?page_id=28#breadcrumb\"},\"inLanguage\":\"es\",\"potentialAction\":[{\"@type\":\"ReadAction\",\"target\":[\"https:\/\/carpinterialafabrica.com\/?page_id=28\"]}]},{\"@type\":\"BreadcrumbList\",\"@id\":\"https:\/\/carpinterialafabrica.com\/?page_id=28#breadcrumb\",\"itemListElement\":[{\"@type\":\"ListItem\",\"position\":1,\"name\":\"Portada\",\"item\":\"https:\/\/carpinterialafabrica.com\/\"},{\"@type\":\"ListItem\",\"position\":2,\"name\":\"Condiciones generales\"}]},{\"@type\":\"WebSite\",\"@id\":\"https:\/\/carpinterialafabrica.com\/#website\",\"url\":\"https:\/\/carpinterialafabrica.com\/\",\"name\":\"Carpinteria La Fabrica\",\"description\":\"Si buscas calidad, transparencia y un trabajo profesional, Carpinter\u00eda La F\u00e1brica es ti mejor opci\u00f3n. \u00a1Creatividad e Innovaci\u00f3n!\",\"publisher\":{\"@id\":\"https:\/\/carpinterialafabrica.com\/#organization\"},\"alternateName\":\"Carpinteria La Fabrica\",\"potentialAction\":[{\"@type\":\"SearchAction\",\"target\":{\"@type\":\"EntryPoint\",\"urlTemplate\":\"https:\/\/carpinterialafabrica.com\/?s={search_term_string}\"},\"query-input\":{\"@type\":\"PropertyValueSpecification\",\"valueRequired\":true,\"valueName\":\"search_term_string\"}}],\"inLanguage\":\"es\"},{\"@type\":\"Organization\",\"@id\":\"https:\/\/carpinterialafabrica.com\/#organization\",\"name\":\"Carpinteria La Fabrica\",\"url\":\"https:\/\/carpinterialafabrica.com\/\",\"logo\":{\"@type\":\"ImageObject\",\"inLanguage\":\"es\",\"@id\":\"https:\/\/carpinterialafabrica.com\/#\/schema\/logo\/image\/\",\"url\":\"https:\/\/carpinterialafabrica.com\/wp-content\/uploads\/2023\/01\/La-fabrica-bn-1.png\",\"contentUrl\":\"https:\/\/carpinterialafabrica.com\/wp-content\/uploads\/2023\/01\/La-fabrica-bn-1.png\",\"width\":708,\"height\":486,\"caption\":\"Carpinteria La Fabrica\"},\"image\":{\"@id\":\"https:\/\/carpinterialafabrica.com\/#\/schema\/logo\/image\/\"}}]}<\/script>\n<!-- \/ Yoast SEO plugin. -->","yoast_head_json":{"title":"Condiciones generales - Carpinteria La Fabrica","robots":{"index":"index","follow":"follow","max-snippet":"max-snippet:-1","max-image-preview":"max-image-preview:large","max-video-preview":"max-video-preview:-1"},"canonical":"https:\/\/carpinterialafabrica.com\/?page_id=28","og_locale":"es_ES","og_type":"article","og_title":"Condiciones generales - Carpinteria La Fabrica","og_description":"ACEPTACI\u00d3N DE LAS CONDICIONES PARTICULARES DE COMPRA Bienvenido a nuestro sitio Web. A trav\u00e9s de nuestra p\u00e1gina web podr\u00e1 adquirir los productos y servicios de Carpinter\u00eda La F\u00e1brica en\u00a0este sitio Web realiz\u00e1ndose su entrega a trav\u00e9s de recogida y asistencia a nuestro local. \u00danicamente podr\u00e1s adquirir nuestros productos si eres mayor de 18 a\u00f1os. La [&hellip;]","og_url":"https:\/\/carpinterialafabrica.com\/?page_id=28","og_site_name":"Carpinteria La Fabrica","article_modified_time":"2023-01-11T10:40:49+00:00","twitter_card":"summary_large_image","twitter_misc":{"Tiempo de lectura":"13 minutos"},"schema":{"@context":"https:\/\/schema.org","@graph":[{"@type":"WebPage","@id":"https:\/\/carpinterialafabrica.com\/?page_id=28","url":"https:\/\/carpinterialafabrica.com\/?page_id=28","name":"Condiciones generales - Carpinteria La Fabrica","isPartOf":{"@id":"https:\/\/carpinterialafabrica.com\/#website"},"datePublished":"2023-01-10T15:35:08+00:00","dateModified":"2023-01-11T10:40:49+00:00","breadcrumb":{"@id":"https:\/\/carpinterialafabrica.com\/?page_id=28#breadcrumb"},"inLanguage":"es","potentialAction":[{"@type":"ReadAction","target":["https:\/\/carpinterialafabrica.com\/?page_id=28"]}]},{"@type":"BreadcrumbList","@id":"https:\/\/carpinterialafabrica.com\/?page_id=28#breadcrumb","itemListElement":[{"@type":"ListItem","position":1,"name":"Portada","item":"https:\/\/carpinterialafabrica.com\/"},{"@type":"ListItem","position":2,"name":"Condiciones generales"}]},{"@type":"WebSite","@id":"https:\/\/carpinterialafabrica.com\/#website","url":"https:\/\/carpinterialafabrica.com\/","name":"Carpinteria La Fabrica","description":"Si buscas calidad, transparencia y un trabajo profesional, Carpinter\u00eda La F\u00e1brica es ti mejor opci\u00f3n. \u00a1Creatividad e Innovaci\u00f3n!","publisher":{"@id":"https:\/\/carpinterialafabrica.com\/#organization"},"alternateName":"Carpinteria La Fabrica","potentialAction":[{"@type":"SearchAction","target":{"@type":"EntryPoint","urlTemplate":"https:\/\/carpinterialafabrica.com\/?s={search_term_string}"},"query-input":{"@type":"PropertyValueSpecification","valueRequired":true,"valueName":"search_term_string"}}],"inLanguage":"es"},{"@type":"Organization","@id":"https:\/\/carpinterialafabrica.com\/#organization","name":"Carpinteria La Fabrica","url":"https:\/\/carpinterialafabrica.com\/","logo":{"@type":"ImageObject","inLanguage":"es","@id":"https:\/\/carpinterialafabrica.com\/#\/schema\/logo\/image\/","url":"https:\/\/carpinterialafabrica.com\/wp-content\/uploads\/2023\/01\/La-fabrica-bn-1.png","contentUrl":"https:\/\/carpinterialafabrica.com\/wp-content\/uploads\/2023\/01\/La-fabrica-bn-1.png","width":708,"height":486,"caption":"Carpinteria La Fabrica"},"image":{"@id":"https:\/\/carpinterialafabrica.com\/#\/schema\/logo\/image\/"}}]}},"_links":{"self":[{"href":"https:\/\/carpinterialafabrica.com\/index.php?rest_route=\/wp\/v2\/pages\/28","targetHints":{"allow":["GET"]}}],"collection":[{"href":"https:\/\/carpinterialafabrica.com\/index.php?rest_route=\/wp\/v2\/pages"}],"about":[{"href":"https:\/\/carpinterialafabrica.com\/index.php?rest_route=\/wp\/v2\/types\/page"}],"author":[{"embeddable":true,"href":"https:\/\/carpinterialafabrica.com\/index.php?rest_route=\/wp\/v2\/users\/5"}],"replies":[{"embeddable":true,"href":"https:\/\/carpinterialafabrica.com\/index.php?rest_route=%2Fwp%2Fv2%2Fcomments&post=28"}],"version-history":[{"count":2,"href":"https:\/\/carpinterialafabrica.com\/index.php?rest_route=\/wp\/v2\/pages\/28\/revisions"}],"predecessor-version":[{"id":168,"href":"https:\/\/carpinterialafabrica.com\/index.php?rest_route=\/wp\/v2\/pages\/28\/revisions\/168"}],"wp:attachment":[{"href":"https:\/\/carpinterialafabrica.com\/index.php?rest_route=%2Fwp%2Fv2%2Fmedia&parent=28"}],"curies":[{"name":"wp","href":"https:\/\/api.w.org\/{rel}","templated":true}]}}