{"id":15,"date":"2023-01-10T15:34:04","date_gmt":"2023-01-10T15:34:04","guid":{"rendered":"https:\/\/carpinterialafabrica.com\/?page_id=15"},"modified":"2026-02-13T11:09:35","modified_gmt":"2026-02-13T11:09:35","slug":"sobre-nosotros","status":"publish","type":"page","link":"https:\/\/carpinterialafabrica.com\/?page_id=15","title":{"rendered":"Sobre nosotros"},"content":{"rendered":"\t\t<div data-elementor-type=\"wp-page\" data-elementor-id=\"15\" class=\"elementor elementor-15\">\n\t\t\t\t\t\t<section class=\"elementor-section elementor-top-section elementor-element elementor-element-19a3911 elementor-section-height-min-height elementor-section-boxed elementor-section-height-default elementor-section-items-middle\" data-id=\"19a3911\" data-element_type=\"section\" data-e-type=\"section\" data-settings=\"{&quot;background_background&quot;:&quot;classic&quot;}\">\n\t\t\t\t\t\t<div class=\"elementor-container elementor-column-gap-default\">\n\t\t\t\t\t<div class=\"elementor-column elementor-col-100 elementor-top-column elementor-element elementor-element-f6f2f48\" data-id=\"f6f2f48\" data-element_type=\"column\" data-e-type=\"column\">\n\t\t\t<div class=\"elementor-widget-wrap elementor-element-populated\">\n\t\t\t\t\t\t<div class=\"elementor-element elementor-element-371e148 elementor-widget elementor-widget-heading\" data-id=\"371e148\" data-element_type=\"widget\" data-e-type=\"widget\" data-widget_type=\"heading.default\">\n\t\t\t\t<div class=\"elementor-widget-container\">\n\t\t\t\t\t<h1 class=\"elementor-heading-title elementor-size-default\">Sobre nosotros<\/h1>\t\t\t\t<\/div>\n\t\t\t\t<\/div>\n\t\t\t\t\t<\/div>\n\t\t<\/div>\n\t\t\t\t\t<\/div>\n\t\t<\/section>\n\t\t\t\t<section class=\"elementor-section elementor-top-section elementor-element elementor-element-69e4cca elementor-section-boxed elementor-section-height-default elementor-section-height-default\" data-id=\"69e4cca\" data-element_type=\"section\" data-e-type=\"section\">\n\t\t\t\t\t\t<div class=\"elementor-container elementor-column-gap-default\">\n\t\t\t\t\t<div class=\"elementor-column elementor-col-100 elementor-top-column elementor-element elementor-element-1dc2707\" data-id=\"1dc2707\" data-element_type=\"column\" data-e-type=\"column\">\n\t\t\t<div class=\"elementor-widget-wrap elementor-element-populated\">\n\t\t\t\t\t\t<div class=\"elementor-element elementor-element-75a6ba1 elementor-widget elementor-widget-text-editor\" data-id=\"75a6ba1\" data-element_type=\"widget\" data-e-type=\"widget\" data-widget_type=\"text-editor.default\">\n\t\t\t\t<div class=\"elementor-widget-container\">\n\t\t\t\t\t\t\t\t\t<p>Somos un empresa familiar, fundada en 1989 y desde entonces no hemos dejado de persistir en satisfacer a nuestros clientes, ofreci\u00e9ndoles la mejor calidad en nuestros trabajos. No en vano nuestra lucha diar\u00eda y trabajo incansable nos han permitido desarrollar nuestra actividad durante todo este tiempo. Adem\u00e1s, contamos con una amplia maquinaria industrial tecnol\u00f3gicamente avanzada y con profesionales capacitados, dispuestos a ofrecer los mejores acabados.<\/p><p>\u00bfPor qu\u00e9 elegirnos? En Carpinter\u00eda La F\u00e1brica llevamos m\u00e1s de 20 a\u00f1os ofreciendo a nuestros clientes soluciones a medida. Trabajamos con un excelente equipo profesional y nos esforzamos cada d\u00eda por satisfacer las demandas del mercado actual.<\/p><p>\u00a1\u00danase ahora a nuestra cartera de clientes satisfechos! Le proporcionamos un trato directo, personalizado y desarrollamos a medida cada una de sus necesidades. Fabricamos armarios empotrados, vestidores, mobiliarios de ba\u00f1os y cocinas, ventanas y puertas blindadas, de exterior, de interior, barandillas y pasamanos, cajoneras, tableros a medida\u2026 Todo lo que pueda imaginar, \u00a1no hay nada que no podamos ofrecerte!<\/p>\t\t\t\t\t\t\t\t<\/div>\n\t\t\t\t<\/div>\n\t\t\t\t<section class=\"elementor-section elementor-inner-section elementor-element elementor-element-da5cd94 elementor-section-boxed elementor-section-height-default elementor-section-height-default\" data-id=\"da5cd94\" data-element_type=\"section\" data-e-type=\"section\">\n\t\t\t\t\t\t<div class=\"elementor-container elementor-column-gap-default\">\n\t\t\t\t\t<div class=\"elementor-column elementor-col-100 elementor-inner-column elementor-element elementor-element-eb2a727\" data-id=\"eb2a727\" data-element_type=\"column\" data-e-type=\"column\">\n\t\t\t<div class=\"elementor-widget-wrap elementor-element-populated\">\n\t\t\t\t\t\t<div class=\"elementor-element elementor-element-1516483 elementor-widget elementor-widget-heading\" data-id=\"1516483\" data-element_type=\"widget\" data-e-type=\"widget\" data-widget_type=\"heading.default\">\n\t\t\t\t<div class=\"elementor-widget-container\">\n\t\t\t\t\t<h2 class=\"elementor-heading-title elementor-size-default\">Trabaja con nosotros<\/h2>\t\t\t\t<\/div>\n\t\t\t\t<\/div>\n\t\t\t\t<div class=\"elementor-element elementor-element-769ddad elementor-mobile-button-align-stretch elementor-button-align-center elementor-widget elementor-widget-form\" data-id=\"769ddad\" data-element_type=\"widget\" data-e-type=\"widget\" data-settings=\"{&quot;step_next_label&quot;:&quot;Next&quot;,&quot;step_previous_label&quot;:&quot;Previous&quot;,&quot;button_width&quot;:&quot;100&quot;,&quot;step_type&quot;:&quot;number_text&quot;,&quot;step_icon_shape&quot;:&quot;circle&quot;}\" data-widget_type=\"form.default\">\n\t\t\t\t<div class=\"elementor-widget-container\">\n\t\t\t\t\t\t\t<form class=\"elementor-form\" method=\"post\" name=\"Trabaja con nosotros\">\n\t\t\t<input type=\"hidden\" name=\"post_id\" value=\"15\"\/>\n\t\t\t<input type=\"hidden\" name=\"form_id\" value=\"769ddad\"\/>\n\t\t\t<input type=\"hidden\" name=\"referer_title\" value=\"Carpinteria La Fabrica\" \/>\n\n\t\t\t\n\t\t\t<div class=\"elementor-form-fields-wrapper elementor-labels-above\">\n\t\t\t\t\t\t\t\t<div class=\"elementor-field-type-text elementor-field-group elementor-column elementor-field-group-name elementor-col-100 elementor-field-required\">\n\t\t\t\t\t\t\t\t\t\t\t\t<label for=\"form-field-name\" class=\"elementor-field-label\">\n\t\t\t\t\t\t\t\tNombre\t\t\t\t\t\t\t<\/label>\n\t\t\t\t\t\t\t\t\t\t\t\t\t\t<input size=\"1\" type=\"text\" name=\"form_fields[name]\" id=\"form-field-name\" class=\"elementor-field elementor-size-md  elementor-field-textual\" placeholder=\"Nombre\" required=\"required\" aria-required=\"true\">\n\t\t\t\t\t\t\t\t\t\t\t<\/div>\n\t\t\t\t\t\t\t\t<div class=\"elementor-field-type-email elementor-field-group elementor-column elementor-field-group-email elementor-col-50 elementor-field-required\">\n\t\t\t\t\t\t\t\t\t\t\t\t<label for=\"form-field-email\" class=\"elementor-field-label\">\n\t\t\t\t\t\t\t\tEmail\t\t\t\t\t\t\t<\/label>\n\t\t\t\t\t\t\t\t\t\t\t\t\t\t<input size=\"1\" type=\"email\" name=\"form_fields[email]\" id=\"form-field-email\" class=\"elementor-field elementor-size-md  elementor-field-textual\" placeholder=\"Email\" required=\"required\" aria-required=\"true\">\n\t\t\t\t\t\t\t\t\t\t\t<\/div>\n\t\t\t\t\t\t\t\t<div class=\"elementor-field-type-text elementor-field-group elementor-column elementor-field-group-field_5ba610a elementor-col-50 elementor-field-required\">\n\t\t\t\t\t\t\t\t\t\t\t\t<label for=\"form-field-field_5ba610a\" class=\"elementor-field-label\">\n\t\t\t\t\t\t\t\tTel\u00e9fono\t\t\t\t\t\t\t<\/label>\n\t\t\t\t\t\t\t\t\t\t\t\t\t\t<input size=\"1\" type=\"text\" name=\"form_fields[field_5ba610a]\" id=\"form-field-field_5ba610a\" class=\"elementor-field elementor-size-md  elementor-field-textual\" placeholder=\"Tel\u00e9fono\" required=\"required\" aria-required=\"true\">\n\t\t\t\t\t\t\t\t\t\t\t<\/div>\n\t\t\t\t\t\t\t\t<div class=\"elementor-field-type-textarea elementor-field-group elementor-column elementor-field-group-message elementor-col-100 elementor-field-required\">\n\t\t\t\t\t\t\t\t\t\t\t\t<label for=\"form-field-message\" class=\"elementor-field-label\">\n\t\t\t\t\t\t\t\tSobre ti\t\t\t\t\t\t\t<\/label>\n\t\t\t\t\t\t<textarea class=\"elementor-field-textual elementor-field  elementor-size-md\" name=\"form_fields[message]\" id=\"form-field-message\" rows=\"4\" placeholder=\"Sobre ti\" required=\"required\" aria-required=\"true\"><\/textarea>\t\t\t\t<\/div>\n\t\t\t\t\t\t\t\t<div class=\"elementor-field-type-upload elementor-field-group elementor-column elementor-field-group-field_69e210d elementor-col-100 elementor-field-required\">\n\t\t\t\t\t\t\t\t\t\t\t\t<label for=\"form-field-field_69e210d\" class=\"elementor-field-label\">\n\t\t\t\t\t\t\t\tSubir CV\t\t\t\t\t\t\t<\/label>\n\t\t\t\t\t\t\t\t<input type=\"file\" name=\"form_fields[field_69e210d]\" id=\"form-field-field_69e210d\" class=\"elementor-field elementor-size-md  elementor-upload-field\" required=\"required\" aria-required=\"true\">\n\n\t\t\t\t\t\t<\/div>\n\t\t\t\t\t\t\t\t<div class=\"elementor-field-type-acceptance elementor-field-group elementor-column elementor-field-group-field_bc5153c elementor-col-100 elementor-field-required\">\n\t\t\t\t\t\t\t<div class=\"elementor-field-subgroup\">\n\t\t\t<span class=\"elementor-field-option\">\n\t\t\t\t<input type=\"checkbox\" name=\"form_fields[field_bc5153c]\" id=\"form-field-field_bc5153c\" class=\"elementor-field elementor-size-md  elementor-acceptance-field\" required=\"required\" aria-required=\"true\">\n\t\t\t\t<label for=\"form-field-field_bc5153c\">Acepto la <a href=\"https:\/\/carpinterialafabrica.com\/politica-de-privacidad\/\">pol\u00edtica de privacidad<\/a>.<\/label>\t\t\t<\/span>\n\t\t<\/div>\n\t\t\t\t\t\t<\/div>\n\t\t\t\t\t\t\t\t<div class=\"elementor-field-type-recaptcha_v3 elementor-field-group elementor-column elementor-field-group-field_3428cc9 elementor-col-100 recaptcha_v3-bottomright\">\n\t\t\t\t\t<div class=\"elementor-field\" id=\"form-field-field_3428cc9\"><div class=\"elementor-g-recaptcha\" data-sitekey=\"6LfGfAEkAAAAAL7xWRLovO2f7Jnv2Fg0vIdcMx5N\" data-type=\"v3\" data-action=\"Form\" data-badge=\"bottomright\" data-size=\"invisible\"><\/div><\/div>\t\t\t\t<\/div>\n\t\t\t\t\t\t\t\t<div class=\"elementor-field-group elementor-column elementor-field-type-submit elementor-col-100 e-form__buttons\">\n\t\t\t\t\t<button type=\"submit\" class=\"elementor-button elementor-size-md\">\n\t\t\t\t\t\t<span >\n\t\t\t\t\t\t\t\t\t\t\t\t\t\t\t<span class=\" elementor-button-icon\">\n\t\t\t\t\t\t\t\t\t\t\t\t\t\t\t\t\t\t\t\t\t\t\t\t\t\t<\/span>\n\t\t\t\t\t\t\t\t\t\t\t\t\t\t\t\t\t\t\t\t\t\t<span class=\"elementor-button-text\">Enviar CV<\/span>\n\t\t\t\t\t\t\t\t\t\t\t\t\t<\/span>\n\t\t\t\t\t<\/button>\n\t\t\t\t<\/div>\n\t\t\t<\/div>\n\t\t<\/form>\n\t\t\t\t\t\t<\/div>\n\t\t\t\t<\/div>\n\t\t\t\t\t<\/div>\n\t\t<\/div>\n\t\t\t\t\t<\/div>\n\t\t<\/section>\n\t\t\t\t\t<\/div>\n\t\t<\/div>\n\t\t\t\t\t<\/div>\n\t\t<\/section>\n\t\t\t\t<\/div>\n\t\t","protected":false},"excerpt":{"rendered":"<p>Somos un empresa familiar, fundada en 1989 y desde entonces no hemos dejado de persistir en satisfacer a nuestros clientes, ofreci\u00e9ndoles la mejor calidad en nuestros trabajos. No en vano nuestra lucha diar\u00eda y trabajo incansable nos han permitido desarrollar nuestra actividad durante todo este tiempo. Adem\u00e1s, contamos con una amplia maquinaria industrial tecnol\u00f3gicamente avanzada [&hellip;]<\/p>\n","protected":false},"author":5,"featured_media":0,"parent":0,"menu_order":0,"comment_status":"closed","ping_status":"closed","template":"elementor_header_footer","meta":{"footnotes":""},"class_list":["post-15","page","type-page","status-publish","hentry"],"yoast_head":"<!-- This site is optimized with the Yoast SEO plugin v26.9 - https:\/\/yoast.com\/product\/yoast-seo-wordpress\/ -->\n<title>Carpinter\u00eda de Madera en Tenerife | La F\u00e1brica<\/title>\n<meta name=\"description\" content=\"Somos una carpinter\u00eda de madera en Tenerife especializada en fabricaci\u00f3n artesanal y trabajos a medida con acabados de calidad.\" \/>\n<meta name=\"robots\" content=\"index, follow, max-snippet:-1, max-image-preview:large, max-video-preview:-1\" \/>\n<link rel=\"canonical\" href=\"https:\/\/carpinterialafabrica.com\/?page_id=15\" \/>\n<meta property=\"og:locale\" content=\"es_ES\" \/>\n<meta property=\"og:type\" content=\"article\" \/>\n<meta property=\"og:title\" content=\"Carpinter\u00eda de Madera en Tenerife | La F\u00e1brica\" \/>\n<meta property=\"og:description\" content=\"Somos una carpinter\u00eda de madera en Tenerife especializada en fabricaci\u00f3n artesanal y trabajos a medida con acabados de calidad.\" \/>\n<meta property=\"og:url\" content=\"https:\/\/carpinterialafabrica.com\/?page_id=15\" \/>\n<meta property=\"og:site_name\" content=\"Carpinteria La Fabrica\" \/>\n<meta property=\"article:modified_time\" content=\"2026-02-13T11:09:35+00:00\" \/>\n<meta name=\"twitter:card\" content=\"summary_large_image\" \/>\n<meta name=\"twitter:label1\" content=\"Tiempo de lectura\" \/>\n\t<meta name=\"twitter:data1\" content=\"1 minuto\" \/>\n<script type=\"application\/ld+json\" class=\"yoast-schema-graph\">{\"@context\":\"https:\/\/schema.org\",\"@graph\":[{\"@type\":\"WebPage\",\"@id\":\"https:\/\/carpinterialafabrica.com\/?page_id=15\",\"url\":\"https:\/\/carpinterialafabrica.com\/?page_id=15\",\"name\":\"Carpinter\u00eda de Madera en Tenerife | La F\u00e1brica\",\"isPartOf\":{\"@id\":\"https:\/\/carpinterialafabrica.com\/#website\"},\"datePublished\":\"2023-01-10T15:34:04+00:00\",\"dateModified\":\"2026-02-13T11:09:35+00:00\",\"description\":\"Somos una carpinter\u00eda de madera en Tenerife especializada en fabricaci\u00f3n artesanal y trabajos a medida con acabados de calidad.\",\"breadcrumb\":{\"@id\":\"https:\/\/carpinterialafabrica.com\/?page_id=15#breadcrumb\"},\"inLanguage\":\"es\",\"potentialAction\":[{\"@type\":\"ReadAction\",\"target\":[\"https:\/\/carpinterialafabrica.com\/?page_id=15\"]}]},{\"@type\":\"BreadcrumbList\",\"@id\":\"https:\/\/carpinterialafabrica.com\/?page_id=15#breadcrumb\",\"itemListElement\":[{\"@type\":\"ListItem\",\"position\":1,\"name\":\"Portada\",\"item\":\"https:\/\/carpinterialafabrica.com\/\"},{\"@type\":\"ListItem\",\"position\":2,\"name\":\"Sobre nosotros\"}]},{\"@type\":\"WebSite\",\"@id\":\"https:\/\/carpinterialafabrica.com\/#website\",\"url\":\"https:\/\/carpinterialafabrica.com\/\",\"name\":\"Carpinteria La Fabrica\",\"description\":\"Si buscas calidad, transparencia y un trabajo profesional, Carpinter\u00eda La F\u00e1brica es ti mejor opci\u00f3n. \u00a1Creatividad e Innovaci\u00f3n!\",\"publisher\":{\"@id\":\"https:\/\/carpinterialafabrica.com\/#organization\"},\"alternateName\":\"Carpinteria La Fabrica\",\"potentialAction\":[{\"@type\":\"SearchAction\",\"target\":{\"@type\":\"EntryPoint\",\"urlTemplate\":\"https:\/\/carpinterialafabrica.com\/?s={search_term_string}\"},\"query-input\":{\"@type\":\"PropertyValueSpecification\",\"valueRequired\":true,\"valueName\":\"search_term_string\"}}],\"inLanguage\":\"es\"},{\"@type\":\"Organization\",\"@id\":\"https:\/\/carpinterialafabrica.com\/#organization\",\"name\":\"Carpinteria La Fabrica\",\"url\":\"https:\/\/carpinterialafabrica.com\/\",\"logo\":{\"@type\":\"ImageObject\",\"inLanguage\":\"es\",\"@id\":\"https:\/\/carpinterialafabrica.com\/#\/schema\/logo\/image\/\",\"url\":\"https:\/\/carpinterialafabrica.com\/wp-content\/uploads\/2023\/01\/La-fabrica-bn-1.png\",\"contentUrl\":\"https:\/\/carpinterialafabrica.com\/wp-content\/uploads\/2023\/01\/La-fabrica-bn-1.png\",\"width\":708,\"height\":486,\"caption\":\"Carpinteria La Fabrica\"},\"image\":{\"@id\":\"https:\/\/carpinterialafabrica.com\/#\/schema\/logo\/image\/\"}}]}<\/script>\n<!-- \/ Yoast SEO plugin. -->","yoast_head_json":{"title":"Carpinter\u00eda de Madera en Tenerife | La F\u00e1brica","description":"Somos una carpinter\u00eda de madera en Tenerife especializada en fabricaci\u00f3n artesanal y trabajos a medida con acabados de calidad.","robots":{"index":"index","follow":"follow","max-snippet":"max-snippet:-1","max-image-preview":"max-image-preview:large","max-video-preview":"max-video-preview:-1"},"canonical":"https:\/\/carpinterialafabrica.com\/?page_id=15","og_locale":"es_ES","og_type":"article","og_title":"Carpinter\u00eda de Madera en Tenerife | La F\u00e1brica","og_description":"Somos una carpinter\u00eda de madera en Tenerife especializada en fabricaci\u00f3n artesanal y trabajos a medida con acabados de calidad.","og_url":"https:\/\/carpinterialafabrica.com\/?page_id=15","og_site_name":"Carpinteria La Fabrica","article_modified_time":"2026-02-13T11:09:35+00:00","twitter_card":"summary_large_image","twitter_misc":{"Tiempo de lectura":"1 minuto"},"schema":{"@context":"https:\/\/schema.org","@graph":[{"@type":"WebPage","@id":"https:\/\/carpinterialafabrica.com\/?page_id=15","url":"https:\/\/carpinterialafabrica.com\/?page_id=15","name":"Carpinter\u00eda de Madera en Tenerife | La F\u00e1brica","isPartOf":{"@id":"https:\/\/carpinterialafabrica.com\/#website"},"datePublished":"2023-01-10T15:34:04+00:00","dateModified":"2026-02-13T11:09:35+00:00","description":"Somos una carpinter\u00eda de madera en Tenerife especializada en fabricaci\u00f3n artesanal y trabajos a medida con acabados de calidad.","breadcrumb":{"@id":"https:\/\/carpinterialafabrica.com\/?page_id=15#breadcrumb"},"inLanguage":"es","potentialAction":[{"@type":"ReadAction","target":["https:\/\/carpinterialafabrica.com\/?page_id=15"]}]},{"@type":"BreadcrumbList","@id":"https:\/\/carpinterialafabrica.com\/?page_id=15#breadcrumb","itemListElement":[{"@type":"ListItem","position":1,"name":"Portada","item":"https:\/\/carpinterialafabrica.com\/"},{"@type":"ListItem","position":2,"name":"Sobre nosotros"}]},{"@type":"WebSite","@id":"https:\/\/carpinterialafabrica.com\/#website","url":"https:\/\/carpinterialafabrica.com\/","name":"Carpinteria La Fabrica","description":"Si buscas calidad, transparencia y un trabajo profesional, Carpinter\u00eda La F\u00e1brica es ti mejor opci\u00f3n. \u00a1Creatividad e Innovaci\u00f3n!","publisher":{"@id":"https:\/\/carpinterialafabrica.com\/#organization"},"alternateName":"Carpinteria La Fabrica","potentialAction":[{"@type":"SearchAction","target":{"@type":"EntryPoint","urlTemplate":"https:\/\/carpinterialafabrica.com\/?s={search_term_string}"},"query-input":{"@type":"PropertyValueSpecification","valueRequired":true,"valueName":"search_term_string"}}],"inLanguage":"es"},{"@type":"Organization","@id":"https:\/\/carpinterialafabrica.com\/#organization","name":"Carpinteria La Fabrica","url":"https:\/\/carpinterialafabrica.com\/","logo":{"@type":"ImageObject","inLanguage":"es","@id":"https:\/\/carpinterialafabrica.com\/#\/schema\/logo\/image\/","url":"https:\/\/carpinterialafabrica.com\/wp-content\/uploads\/2023\/01\/La-fabrica-bn-1.png","contentUrl":"https:\/\/carpinterialafabrica.com\/wp-content\/uploads\/2023\/01\/La-fabrica-bn-1.png","width":708,"height":486,"caption":"Carpinteria La Fabrica"},"image":{"@id":"https:\/\/carpinterialafabrica.com\/#\/schema\/logo\/image\/"}}]}},"_links":{"self":[{"href":"https:\/\/carpinterialafabrica.com\/index.php?rest_route=\/wp\/v2\/pages\/15","targetHints":{"allow":["GET"]}}],"collection":[{"href":"https:\/\/carpinterialafabrica.com\/index.php?rest_route=\/wp\/v2\/pages"}],"about":[{"href":"https:\/\/carpinterialafabrica.com\/index.php?rest_route=\/wp\/v2\/types\/page"}],"author":[{"embeddable":true,"href":"https:\/\/carpinterialafabrica.com\/index.php?rest_route=\/wp\/v2\/users\/5"}],"replies":[{"embeddable":true,"href":"https:\/\/carpinterialafabrica.com\/index.php?rest_route=%2Fwp%2Fv2%2Fcomments&post=15"}],"version-history":[{"count":5,"href":"https:\/\/carpinterialafabrica.com\/index.php?rest_route=\/wp\/v2\/pages\/15\/revisions"}],"predecessor-version":[{"id":336,"href":"https:\/\/carpinterialafabrica.com\/index.php?rest_route=\/wp\/v2\/pages\/15\/revisions\/336"}],"wp:attachment":[{"href":"https:\/\/carpinterialafabrica.com\/index.php?rest_route=%2Fwp%2Fv2%2Fmedia&parent=15"}],"curies":[{"name":"wp","href":"https:\/\/api.w.org\/{rel}","templated":true}]}}